{"id":1165,"date":"2025-03-16T13:46:03","date_gmt":"2025-03-16T11:46:03","guid":{"rendered":"https:\/\/oakff.ch\/?page_id=1165"},"modified":"2026-03-05T15:47:11","modified_gmt":"2026-03-05T14:47:11","slug":"home-vor-dem-kino-ohne-programm","status":"publish","type":"page","link":"https:\/\/oakff.ch\/","title":{"rendered":"Home vor dem Kino \u2013 ohne Programm"},"content":{"rendered":"<p>[vc_row section_background_color=&#187;#0f285a&#187; use_container=&#187;yes&#187; conter_content=&#187;yes&#187; el_id=&#187;PROGRAMM&#187;][vc_column][ts_section_title color=&#187;#ffffff&#187; title=&#187;PROGRAMM&#187;][\/vc_column][vc_column width=&#187;1\/2&#8243;][ts_image_box image=&#187;1080&#8243;][\/vc_column][vc_column width=&#187;1\/2&#8243;][ts_text_box color=&#187;#ffffff&#187;]Wir stellen das Programm aktuell zusammen. Wir freuen uns, euch das Programm Mitte Juni pr\u00e4sentieren zu d\u00fcrfen.[\/ts_text_box][\/vc_column][\/vc_row][vc_row section_background_color=&#187;#d1e5f5&#8243; use_container=&#187;yes&#187; conter_content=&#187;yes&#187; el_id=&#187;INFOS&#187;][vc_column][ts_section_title color=&#187;#0f285a&#187; title=&#187;INFOS \/ TICKETS&#187;][\/vc_column][vc_column width=&#187;1\/2&#8243;][ts_text_box color=&#187;#0f285a&#187;]<strong>DATEN<\/strong><br \/>\nFreitag, 31. Juli &#8211; Freitag, 07. August 2026<\/p>\n<p><strong>LAGEPLAN<\/strong><br \/>\nIm Hof des Staatsarchivs, Z\u00fcrcherstr. 221, 8500 Frauenfeld<\/p>\n<p><strong>TICKETS<\/strong><br \/>\nPreis pro Ticket CHF 15.\u2014<\/p>\n<p>Tickets k\u00f6nnen nach der Ver\u00f6ffentlichung des Programms gekauft werden.<\/p>\n<p><strong>WETTER<\/strong><br \/>\nDie Filme werden grunds\u00e4tzlich bei jeder Witterung gezeigt.<br \/>\nSollte aus Sicherheitsgr\u00fcnden die Vorstellung nicht durchgef\u00fchrt werden k\u00f6nnen, werden wir vor Ort informieren.[\/ts_text_box][\/vc_column][vc_column width=&#187;1\/2&#8243;][ts_image_box image=&#187;517&#8243;][\/vc_column][\/vc_row][vc_row section_background_color=&#187;#0f285a&#187; use_container=&#187;yes&#187; conter_content=&#187;yes&#187; el_id=&#187;GASTRO&#187;][vc_column][ts_section_title color=&#187;#ffffff&#187; title=&#187;ESSEN\/TRINKEN&#187;][\/vc_column][vc_column width=&#187;1\/2&#8243;][ts_image_box image=&#187;985&#8243;][\/vc_column][vc_column width=&#187;1\/2&#8243;][ts_text_box color=&#187;#ffffff&#187;]<\/p>\n<p class=\"p1\"><span class=\"s1\">Geniessen Sie bei uns schon vor dem Film einen kleinen Snack und ein Getr\u00e4nk. Ab 20.00 Uhr ist die Bar ge\u00f6ffnet und auch f\u00fcr den Hunger ist gesorgt.<\/span><\/p>\n<p class=\"p1\"><span class=\"s1\">Als Veranstalter legen wir grossen Wert auf die regionale Herkunft unseres gastronomischen Angebots. Wir sind \u00fcberzeugt, dass lokale Produkte ideal zu unserem Kino passen!<\/span><\/p>\n<p class=\"p1\"><span class=\"s1\">Das Bier beziehen wir aus Frauenfeld<\/span><span class=\"s1\">, den Wein aus den umliegenden Rebbergen und die anderen Getr\u00e4nke kommen aus der Ostschweiz. Unsere Waffeln sind handgemacht und werden frisch zubereitet.<\/span><\/p>\n<p class=\"p1\"><span class=\"s1\">F\u00fcr alle, die noch einen Film nachbesprechen m\u00f6chten und dazu gerne ein gute Glas Wein trinken, ist die Bar an den Wochenenden auch nach dem Film noch offen!<\/span><\/p>\n<p>[\/ts_text_box][\/vc_column][\/vc_row][vc_row section_background_color=&#187;#d1e5f5&#8243; use_container=&#187;yes&#187; conter_content=&#187;yes&#187; el_id=&#187;CREW&#187;][vc_column][ts_section_title color=&#187;#0f285a&#187; title=&#187;CREW&#187;][\/vc_column][vc_column width=&#187;1\/2&#8243; el_id=&#187;HELFENDE&#187;][ts_text_box color=&#187;#0f285a&#187;]Hast du Lust, das Open Air Kino Frauenfeld von einer anderen Seite zu erleben? M\u00f6chtest du gleichzeitig arbeiten, einen Film schauen und dabei auch noch neue Leute kennen lernen.<\/p>\n<p>Wenn du Teil des Open Air Kinos werden m\u00f6chtest, dann melde dich hier: <a href=\"https:\/\/crew.oakff.ch\">crew.oakff.ch<\/a><\/p>\n<p>&nbsp;<\/p>\n<p><strong>VERANSTALTER<\/strong><br \/>\nOpen Air Kino Frauenfeld<br \/>\nVerein Frauenfelder FilmfreundInnen<br \/>\nLindenstrasse 10, 8500 Frauenfeld, info@oakff.ch[\/ts_text_box][\/vc_column][vc_column width=&#187;1\/2&#8243;][ts_image_box image=&#187;917&#8243;][\/vc_column][\/vc_row][vc_row section_background_color=&#187;#0f285a&#187; use_container=&#187;yes&#187; conter_content=&#187;yes&#187; el_id=&#187;SPONSOREN&#187;][vc_column][ts_section_title color=&#187;#ffffff&#187; title=&#187;SPONSOREN 2025&#8243;][ts_text_box color=&#187;#ffffff&#187;]<div id=\"wp-sponsors\" class=\"clearfix grid\"><div class=\"sponsor-item default sponsoren_2022 sponsoren_2023 sponsoren_2024 sponsoren_2025\"><a href=https:\/\/www.altorfer-elektro.ch\/  rel=\"nofollow\"><h3>ALTORFER-ELEKTRO GmbH, Frauenfeld<\/h3><\/a><\/div><div class=\"sponsor-item default sponsoren_2022 sponsoren_2023 sponsoren_2024 sponsoren_2025\"><a href=https:\/\/bisag-kuechen.ch\/  rel=\"nofollow\"><h3>Bisag K\u00fcchenbau AG, Frauenfeld<\/h3><\/a><\/div><div class=\"sponsor-item default sponsoren_2024 sponsoren_2025\"><a href=https:\/\/www.bruderbier.ch  rel=\"nofollow\"><h3>Brauer Bischoff, Frauenfeld<\/h3><\/a><\/div><div class=\"sponsor-item default sponsoren_2022 sponsoren_2024 sponsoren_2025\"><a href=https:\/\/www.saxbooks.ch\/  rel=\"nofollow\"><h3>B\u00fccherladen Marianne Sax, Frauenfeld<\/h3><\/a><\/div><div class=\"sponsor-item default sponsoren_2022 sponsoren_2023 sponsoren_2024 sponsoren_2025\"><a href=https:\/\/www.capa.ch\/  rel=\"nofollow\"><h3>Capa Werbetechnik AG, Frauenfeld<\/h3><\/a><\/div><div class=\"sponsor-item default sponsoren_2022 sponsoren_2023 sponsoren_2024 sponsoren_2025\"><a href=https:\/\/www.heinrich-mezger-stiftung.ch\/  rel=\"nofollow\"><h3>Dr. Heinrich Mezger-Stiftung, Weinfelden<\/h3><\/a><\/div><div class=\"sponsor-item default sponsoren_2022 sponsoren_2023 sponsoren_2024 sponsoren_2025\"><a href=https:\/\/www.frauenfelderwoche.ch\/  rel=\"nofollow\"><h3>Frauenfelder Woche, Frauenfeld<\/h3><\/a><\/div><div class=\"sponsor-item default sponsoren_2025\"><a href=https:\/\/fresh-joy.ch target=\"_blank\" rel=\"nofollow\"><h3>fresh &#038; joy AG, Frauenfeld<\/h3><\/a><\/div><div class=\"sponsor-item default sponsoren_2022 sponsoren_2023 sponsoren_2024 sponsoren_2025\"><a href=https:\/\/www.geniusmedia.ch\/  rel=\"nofollow\"><h3>Genius Media AG, Frauenfeld<\/h3><\/a><\/div><div class=\"sponsor-item default sponsoren_2022 sponsoren_2023 sponsoren_2024 sponsoren_2025\"><a href=https:\/\/www.eisenwerk.ch\/  rel=\"nofollow\"><h3>Genossenschaft Eisenwerk, Frauenfeld<\/h3><\/a><\/div><div class=\"sponsor-item default sponsoren_2022 sponsoren_2023 sponsoren_2024 sponsoren_2025\"><a href=https:\/\/www.getraenkehahn.ch\/  rel=\"nofollow\"><h3>Getr\u00e4nke Hahn AG, Frauenfeld<\/h3><\/a><\/div><div class=\"sponsor-item default sponsoren_2024 sponsoren_2025\"><a href=https:\/\/www.ig-fit.ch\/  rel=\"nofollow\"><h3>IG FIT, Frauenfeld<\/h3><\/a><\/div><div class=\"sponsor-item default sponsoren_2022 sponsoren_2023 sponsoren_2024 sponsoren_2025\"><a href=https:\/\/www.igv-frauenfeld.ch\/  rel=\"nofollow\"><h3>IG Vorstadt, Frauenfeld<\/h3><\/a><\/div><div class=\"sponsor-item default sponsoren_2022 sponsoren_2023 sponsoren_2024 sponsoren_2025\"><a href=https:\/\/www.mawi.ch\/  rel=\"nofollow\"><h3>MAWI REISEN AG, Frauenfeld<\/h3><\/a><\/div><div class=\"sponsor-item default sponsoren_2025\"><a href=https:\/\/mecapelli.ch\/ target=\"_blank\" rel=\"nofollow\"><h3>ME Capelli, Frauenfeld<\/h3><\/a><\/div><div class=\"sponsor-item default sponsoren_2022 sponsoren_2023 sponsoren_2024 sponsoren_2025\"><a href=https:\/\/naturmuseum.tg.ch\/  rel=\"nofollow\"><h3>Naturmuseum Thurgau, Frauenfeld<\/h3><\/a><\/div><div class=\"sponsor-item default sponsoren_2022 sponsoren_2023 sponsoren_2024 sponsoren_2025\"><a href=https:\/\/www.novalink.ch\/  rel=\"nofollow\"><h3>novalink GmbH, Frauenfeld<\/h3><\/a><\/div><div class=\"sponsor-item default sponsoren_2022 sponsoren_2023 sponsoren_2024 sponsoren_2025\"><a href=https:\/\/oppikofer.ch\/  rel=\"nofollow\"><h3>Oppikofer Stahl- &#038; Metallbau AG, Frauenfeld<\/h3><\/a><\/div><div class=\"sponsor-item default sponsoren_2022 sponsoren_2023 sponsoren_2024 sponsoren_2025\"><a href=https:\/\/www.raiffeisen.ch\/frauenfeld\/de.html  rel=\"nofollow\"><h3>Raiffeisenbank Frauenfeld, Frauenfeld<\/h3><\/a><\/div><div class=\"sponsor-item default sponsoren_2022 sponsoren_2023 sponsoren_2024 sponsoren_2025\"><a href=http:\/\/www.holzbauschmid.ch\/  rel=\"nofollow\"><h3>Schmid Holzbau AG, Frauenfeld<\/h3><\/a><\/div><div class=\"sponsor-item default sponsoren_2022 sponsoren_2023 sponsoren_2024 sponsoren_2025\"><a href=https:\/\/showlight.ch\/  rel=\"nofollow\"><h3>Showlight AG, Frauenfeld<\/h3><\/a><\/div><div class=\"sponsor-item default sponsoren_2024 sponsoren_2025\"><a href=https:\/\/www.frauenfeld.ch\/  rel=\"nofollow\"><h3>Stadt Frauenfeld, Frauenfeld<\/h3><\/a><\/div><div class=\"sponsor-item default sponsoren_2022 sponsoren_2023 sponsoren_2024 sponsoren_2025\"><a href=https:\/\/www.theaterwerkstatt.ch\/  rel=\"nofollow\"><h3>Theaterwerkstatt Gleis 5, Frauenfeld<\/h3><\/a><\/div><div class=\"sponsor-item default sponsoren_2022 sponsoren_2023 sponsoren_2024 sponsoren_2025\"><a href=https:\/\/www.thurplus.ch\/  rel=\"nofollow\"><h3>Thurplus, Frauenfeld<\/h3><\/a><\/div><div class=\"sponsor-item default sponsoren_2023 sponsoren_2024 sponsoren_2025\"><a href=https:\/\/www.cinemaluna.ch  rel=\"nofollow\"><h3>Verein Frauenfelder FilmfreundInnen, Frauenfeld<\/h3><\/a><\/div><\/div>[\/ts_text_box][\/vc_column][\/vc_row]<\/p>\n","protected":false},"excerpt":{"rendered":"<p>[vc_row section_background_color=&#187;#0f285a&#187; use_container=&#187;yes&#187; conter_content=&#187;yes&#187; el_id=&#187;PROGRAMM&#187;][vc_column][ts_section_title color=&#187;#ffffff&#187; title=&#187;PROGRAMM&#187;][\/vc_column][vc_column width=&#187;1\/2&#8243;][ts_image_box image=&#187;1080&#8243;][\/vc_column][vc_column width=&#187;1\/2&#8243;][ts_text_box color=&#187;#ffffff&#187;]Wir stellen das Programm aktuell zusammen. Wir freuen uns, euch das Programm Mitte Juni pr\u00e4sentieren zu d\u00fcrfen.[\/ts_text_box][\/vc_column][\/vc_row][vc_row section_background_color=&#187;#d1e5f5&#8243; use_container=&#187;yes&#187; conter_content=&#187;yes&#187; el_id=&#187;INFOS&#187;][vc_column][ts_section_title color=&#187;#0f285a&#187; title=&#187;INFOS \/ TICKETS&#187;][\/vc_column][vc_column width=&#187;1\/2&#8243;][ts_text_box color=&#187;#0f285a&#187;]DATEN Freitag, 31. Juli &#8211; Freitag, 07. August 2026 LAGEPLAN Im Hof des Staatsarchivs, Z\u00fcrcherstr. 221, 8500 Frauenfeld TICKETS [&hellip;]<\/p>\n","protected":false},"author":3,"featured_media":0,"parent":0,"menu_order":0,"comment_status":"closed","ping_status":"open","template":"page-home.php","meta":{"footnotes":""},"class_list":["post-1165","page","type-page","status-publish","hentry"],"acf":[],"_links":{"self":[{"href":"https:\/\/oakff.ch\/index.php?rest_route=\/wp\/v2\/pages\/1165","targetHints":{"allow":["GET"]}}],"collection":[{"href":"https:\/\/oakff.ch\/index.php?rest_route=\/wp\/v2\/pages"}],"about":[{"href":"https:\/\/oakff.ch\/index.php?rest_route=\/wp\/v2\/types\/page"}],"author":[{"embeddable":true,"href":"https:\/\/oakff.ch\/index.php?rest_route=\/wp\/v2\/users\/3"}],"replies":[{"embeddable":true,"href":"https:\/\/oakff.ch\/index.php?rest_route=%2Fwp%2Fv2%2Fcomments&post=1165"}],"version-history":[{"count":26,"href":"https:\/\/oakff.ch\/index.php?rest_route=\/wp\/v2\/pages\/1165\/revisions"}],"predecessor-version":[{"id":1298,"href":"https:\/\/oakff.ch\/index.php?rest_route=\/wp\/v2\/pages\/1165\/revisions\/1298"}],"wp:attachment":[{"href":"https:\/\/oakff.ch\/index.php?rest_route=%2Fwp%2Fv2%2Fmedia&parent=1165"}],"curies":[{"name":"wp","href":"https:\/\/api.w.org\/{rel}","templated":true}]}}