{"id":746,"date":"2022-06-16T14:08:55","date_gmt":"2022-06-16T14:08:55","guid":{"rendered":"https:\/\/oakff.ch\/?page_id=746"},"modified":"2023-06-14T16:21:43","modified_gmt":"2023-06-14T14:21:43","slug":"impressum","status":"publish","type":"page","link":"https:\/\/oakff.ch\/?page_id=746","title":{"rendered":"Impressum"},"content":{"rendered":"\n<p class=\"has-medium-font-size\"><strong>Adresse<\/strong><\/p>\n\n\n\n<p>Open Air Kino Frauenfeld<br>Verein Frauenfelder FilmfreundInnen<br>Lindenstrasse 10, 8500 Frauenfeld<\/p>\n\n\n\n<p>info@oakff.ch<\/p>\n\n\n\n<p>Bilder: Die Fotos wurden verdankenswerterweise von Stefan Seger zur Verf\u00fcgung gestellt.<\/p>\n\n\n\n<h3 class=\"wp-block-heading has-medium-font-size\">Rechtliche Bestimmungen zur OAKFF-Website<\/h3>\n\n\n\n<p class=\"has-medium-font-size\"><strong>1. Haftungsbeschr\u00e4nkung<\/strong><\/p>\n\n\n\n<p>Die Inhalte des Internetauftritts wurden mit gr\u00f6\u00dftm\u00f6glicher Sorgfalt und nach bestem Gewissen erstellt. Dennoch \u00fcbernimmt das OPENAIR Kino Frauenfeld (OAKFF) keine Gew\u00e4hr f\u00fcr die Aktualit\u00e4t, Vollst\u00e4ndigkeit und Richtigkeit der bereitgestellten Seiten und Inhalte.<\/p>\n\n\n\n<p>Das OAKFF ist f\u00fcr eigene Inhalte und bereitgestellte Informationen auf diesen Seiten nach den allgemeinen Gesetzen verantwortlich &#8211; jedoch nicht verpflichtet, die \u00fcbermittelten oder gespeicherten fremden Informationen zu \u00fcberwachen. Eine Entfernung oder Sperrung dieser Inhalte erfolgt umgehend ab dem Zeitpunkt der Kenntnis einer konkreten Rechtsverletzung. Eine Haftung ist erst ab dem Zeitpunkt der Kenntniserlangung m\u00f6glich.<\/p>\n\n\n\n<p class=\"has-medium-font-size\"><strong>2. Externe Links<\/strong><\/p>\n\n\n\n<p>Die Webseite enth\u00e4lt sog. \u201eexterne Links\u201c (Verlinkungen) zu anderen Webseiten, auf deren Inhalt der Anbieter der Webseite keinen Einfluss hat. Aus diesem Grund kann der Anbieter f\u00fcr diese Inhalte auch keine Gew\u00e4hr \u00fcbernehmen.<\/p>\n\n\n\n<p>F\u00fcr die Inhalte und Richtigkeit der bereitgestellten Informationen ist der jeweilige Anbieter der verlinkten Webseite verantwortlich. Zum Zeitpunkt der Verlinkung waren keine Rechtsverst\u00f6\u00dfe erkennbar. Bei Bekanntwerden einer solchen Rechtsverletzung wird der Link umgehend entfernen.<\/p>\n\n\n\n<p class=\"has-medium-font-size\"><strong>3. Urheberrecht\/Leistungsschutzrecht<\/strong><\/p>\n\n\n\n<p>Die auf dieser Webseite ver\u00f6ffentlichten Inhalte, Werke und bereitgestellten Informationen unterliegen dem Schweizer Urheberrecht und Leistungsschutzrecht. Jede Art der Vervielf\u00e4ltigung, Bearbeitung, Verbreitung, Einspeicherung und jede Art der Verwertung au\u00dferhalb der Grenzen des Urheberrechts bedarf der vorherigen schriftlichen Zustimmung des jeweiligen Rechteinhabers. Das unerlaubte Kopieren\/Speichern der bereitgestellten Informationen auf diesen Webseiten ist nicht gestattet und strafbar.<\/p>\n\n\n\n<p class=\"has-medium-font-size\"><strong>4. Datenschutz<\/strong><\/p>\n\n\n\n<p>Durch den Besuch des Internetauftritts k\u00f6nnen Informationen (Datum, Uhrzeit, aufgerufene Seite) \u00fcber den Zugriff auf dem Server gespeichert werden. Es werden keine personenbezogenen (z. B. Name, Anschrift oder E-Mail-Adresse) Daten, gespeichert.<\/p>\n\n\n\n<p>Sofern personenbezogene Daten erhoben werden, erfolgt dies, sofern m\u00f6glich, nur mit dem vorherigen Einverst\u00e4ndnis des Nutzers der Webseite. Eine Weitergabe der Daten an Dritte findet ohne ausdr\u00fcckliche Zustimmung des Nutzers nicht statt.<\/p>\n\n\n\n<p>Das OAKFF weist darauf hin, dass die \u00dcbertragung von Daten im Internet (z. B. per E-Mail) Sicherheitsl\u00fccken aufweisen und ein l\u00fcckenloser Schutz der Daten vor dem Zugriff Dritter nicht gew\u00e4hrleistet werden kann. Das OAKFF \u00fcbernimmt keine Haftung f\u00fcr die durch solche Sicherheitsl\u00fccken entstandenen Sch\u00e4den.<\/p>\n\n\n\n<p>Der Verwendung der Kontaktdaten durch Dritte zur gewerblichen Nutzung wird ausdr\u00fccklich widersprochen. Es sei denn, dass OAKFF hat zuvor seine schriftliche Einwilligung erteilt. Das OAKFF beh\u00e4lt sich rechtliche Schritte f\u00fcr den Fall der unverlangten Zusendung von Werbeinformationen, z. B. durch Spam-Mails, vor.<\/p>\n","protected":false},"excerpt":{"rendered":"<p>Adresse Open Air Kino FrauenfeldVerein Frauenfelder FilmfreundInnenLindenstrasse 10, 8500 Frauenfeld info@oakff.ch Bilder: Die Fotos wurden verdankenswerterweise von Stefan Seger zur Verf\u00fcgung gestellt. Rechtliche Bestimmungen zur OAKFF-Website 1. Haftungsbeschr\u00e4nkung Die Inhalte des Internetauftritts wurden mit gr\u00f6\u00dftm\u00f6glicher Sorgfalt und nach bestem Gewissen erstellt. Dennoch \u00fcbernimmt das OPENAIR Kino Frauenfeld (OAKFF) keine Gew\u00e4hr f\u00fcr die Aktualit\u00e4t, Vollst\u00e4ndigkeit und [&hellip;]<\/p>\n","protected":false},"author":1,"featured_media":0,"parent":0,"menu_order":0,"comment_status":"closed","ping_status":"closed","template":"","meta":{"footnotes":""},"class_list":["post-746","page","type-page","status-publish","hentry"],"acf":[],"_links":{"self":[{"href":"https:\/\/oakff.ch\/index.php?rest_route=\/wp\/v2\/pages\/746","targetHints":{"allow":["GET"]}}],"collection":[{"href":"https:\/\/oakff.ch\/index.php?rest_route=\/wp\/v2\/pages"}],"about":[{"href":"https:\/\/oakff.ch\/index.php?rest_route=\/wp\/v2\/types\/page"}],"author":[{"embeddable":true,"href":"https:\/\/oakff.ch\/index.php?rest_route=\/wp\/v2\/users\/1"}],"replies":[{"embeddable":true,"href":"https:\/\/oakff.ch\/index.php?rest_route=%2Fwp%2Fv2%2Fcomments&post=746"}],"version-history":[{"count":4,"href":"https:\/\/oakff.ch\/index.php?rest_route=\/wp\/v2\/pages\/746\/revisions"}],"predecessor-version":[{"id":924,"href":"https:\/\/oakff.ch\/index.php?rest_route=\/wp\/v2\/pages\/746\/revisions\/924"}],"wp:attachment":[{"href":"https:\/\/oakff.ch\/index.php?rest_route=%2Fwp%2Fv2%2Fmedia&parent=746"}],"curies":[{"name":"wp","href":"https:\/\/api.w.org\/{rel}","templated":true}]}}